{"id":48380,"date":"2024-04-03T09:33:46","date_gmt":"2024-04-03T09:33:46","guid":{"rendered":"https:\/\/silmantech.com\/?page_id=48380"},"modified":"2025-12-16T01:27:44","modified_gmt":"2025-12-16T01:27:44","slug":"selective-wave-soldering-machine","status":"publish","type":"page","link":"https:\/\/dezsmartech.com\/pt\/product\/selective-wave-soldering-machine\/","title":{"rendered":"M\u00e1quina de solda por onda selectiva"},"content":{"rendered":"<div class=\"wpb-content-wrapper\"><div class=\"vc_row wpb_row vc_row-fluid vc_custom_1765848461664\"><div class=\"wpb_column vc_column_container vc_col-sm-12 vc_col-lg-12 vc_col-md-12\"><div class=\"vc_column-inner vc_custom_1476030031960\"><div class=\"wpb_wrapper\"><div id=\"ultimate-heading-4106a035b1d50614\" class=\"uvc-heading ult-adjust-bottom-margin ultimate-heading-4106a035b1d50614 uvc-6107\" data-hspacer=\"no_spacer\"  data-halign=\"center\" style=\"text-align:center\"><div class=\"uvc-heading-spacer no_spacer\" style=\"top\"><\/div><div class=\"uvc-main-heading ult-responsive\"  data-ultimate-target='.uvc-heading.ultimate-heading-4106a035b1d50614 h2'  data-responsive-json-new='{\"font-size\":\"desktop:34px;mobile_landscape:22px;mobile:22px;\",\"line-height\":\"desktop:46px;mobile_landscape:32px;mobile:32px;\"}' ><h2 style=\"font-family:&#039;Raleway&#039;;font-weight:700;color:#ffffff;margin-bottom:50x;\">M\u00e1quina de solda por onda selectiva<\/h2><\/div><\/div><\/div><\/div><\/div><\/div><!-- Row Backgrounds --><div class=\"upb_bg_img\" data-ultimate-bg=\"url(https://dezsmartech.com/pt/https:\/\/dezsmartech.com\/wp-content\/uploads\/2025\/12\/FIFTEEN-YEARS-FOCUSINGON-SOLDERING-PROCESS-2.png)\" data-image-id=\"id^51436|url^https:\/\/dezsmartech.com\/wp-content\/uploads\/2025\/12\/FIFTEEN-YEARS-FOCUSINGON-SOLDERING-PROCESS-2.png|caption^null|alt^null|title^FIFTEEN YEARS FOCUSINGON SOLDERING PROCESS (2)|description^null\" data-ultimate-bg-style=\"vcpb-vz-jquery\" data-bg-img-repeat=\"no-repeat\" data-bg-img-size=\"cover\" data-bg-img-position=\"\" data-parallx_sense=\"30\" data-bg-override=\"ex-full\" data-bg_img_attach=\"scroll\" data-upb-overlay-color=\"rgba(0,0,0,0.5)\" data-upb-bg-animation=\"\" data-fadeout=\"\" data-bg-animation=\"left-animation\" data-bg-animation-type=\"h\" data-animation-repeat=\"repeat\" data-fadeout-percentage=\"30\" data-parallax-content=\"\" data-parallax-content-sense=\"30\" data-row-effect-mobile-disable=\"true\" data-img-parallax-mobile-disable=\"true\" data-rtl=\"false\"  data-custom-vc-row=\"\"  data-vc=\"8.7.2\"  data-is_old_vc=\"\"  data-theme-support=\"\"   data-overlay=\"true\" data-overlay-color=\"rgba(0,0,0,0.5)\" data-overlay-pattern=\"\" data-overlay-pattern-opacity=\"0.25\" data-overlay-pattern-size=\"\" data-overlay-pattern-attachment=\"scroll\"    ><\/div><div class=\"vc_row wpb_row vc_row-fluid vc_custom_1733826439922\"><div class=\"wpb_column vc_column_container vc_col-sm-12\"><div class=\"vc_column-inner\"><div class=\"wpb_wrapper\">\n\t<div class=\"wpb_text_column wpb_content_element\" >\n\t\t<div class=\"wpb_wrapper\">\n\t\t\t<h5 style=\"text-align: center;\">As m\u00e1quinas de soldadura selectiva aumentam a precis\u00e3o, a efici\u00eancia e a qualidade, visando \u00e1reas espec\u00edficas, reduzindo o stress t\u00e9rmico e acomodando v\u00e1rios componentes.<\/h5>\n<hr \/>\n<div id=\"gtx-trans\" style=\"position: absolute; left: 593px; top: 60.6094px;\">\n<div class=\"gtx-trans-icon\"><\/div>\n<\/div>\n\n\t\t<\/div>\n\t<\/div>\n<\/div><\/div><\/div><\/div><div class=\"vc_row wpb_row vc_row-fluid vc_custom_1733826415729\"><div class=\"wpb_column vc_column_container vc_col-sm-4\"><div class=\"vc_column-inner\"><div class=\"wpb_wrapper\"><style type=\"text\/css\" data-type=\"the7_shortcodes-inline-css\">.shortcode-single-image-wrap.shortcode-single-image-2d0738573f0543213da7ecfdb9cca3f2.enable-bg-rollover .rollover i,\n.shortcode-single-image-wrap.shortcode-single-image-2d0738573f0543213da7ecfdb9cca3f2.enable-bg-rollover .rollover-video i {\n  background: -webkit-linear-gradient();\n  background: linear-gradient();\n}\n.shortcode-single-image-wrap.shortcode-single-image-2d0738573f0543213da7ecfdb9cca3f2 .rollover-icon {\n  font-size: 32px;\n  color: #ffffff;\n  min-width: 44px;\n  min-height: 44px;\n  line-height: 44px;\n  border-radius: 100px;\n  border-style: solid;\n  border-width: 0px;\n}\n.dt-icon-bg-on.shortcode-single-image-wrap.shortcode-single-image-2d0738573f0543213da7ecfdb9cca3f2 .rollover-icon {\n  background: rgba(255,255,255,0.3);\n  box-shadow: none;\n}<\/style><div class=\"shortcode-single-image-wrap shortcode-single-image-2d0738573f0543213da7ecfdb9cca3f2 alignnone  enable-bg-rollover dt-icon-bg-off\" style=\"margin-top:0px; margin-bottom:0px; margin-left:0px; margin-right:0px; width:600px;\" data-pretty-share=\"facebook,twitter,linkedin,pinterest,whatsapp\"><div class=\"shortcode-single-image\"><div class=\"fancy-media-wrap\" style=\"\"><a href=\"https:\/\/dezsmartech.com\/pt\/products\/h3200-selective-wave-soldering-machine\/\" class=\"layzr-bg rollover\" style=\"\" aria-label=\"Imagem\"><img fetchpriority=\"high\" decoding=\"async\" class=\"preload-me lazy-load aspect\" src=\"data:image\/svg+xml,%3Csvg%20xmlns%3D&#39;http%3A%2F%2Fwww.w3.org%2F2000%2Fsvg&#39;%20viewBox%3D&#39;0%200%20600%20600&#39;%2F%3E\" data-src=\"https:\/\/dezsmartech.com\/wp-content\/uploads\/2024\/04\/z-600x600.jpg\" data-srcset=\"https:\/\/dezsmartech.com\/wp-content\/uploads\/2024\/04\/z-600x600.jpg 600w, https:\/\/dezsmartech.com\/wp-content\/uploads\/2024\/04\/z-1200x1200.jpg 1200w\" loading=\"eager\" style=\"--ratio: 600 \/ 600\" sizes=\"(max-width: 600px) 100vw, 600px\" width=\"600\" height=\"600\"  data-dt-location=\"https:\/\/dezsmartech.com\/pt\/products\/h3200-selective-wave-soldering-machine\/z\/\" alt=\"\" \/><\/a><\/div><\/div><\/div>\n\t<div class=\"wpb_text_column wpb_content_element\" >\n\t\t<div class=\"wpb_wrapper\">\n\t\t\t<h3 class=\"vc_custom_heading vc_do_custom_heading\" style=\"text-align: center;\"><a href=\"https:\/\/dezsmartech.com\/pt\/products\/h3200-selective-wave-soldering-machine\/\">M\u00e1quina de solda por onda selectiva H3200<\/a><\/h3>\n\n\t\t<\/div>\n\t<\/div>\n<\/div><\/div><\/div><div class=\"wpb_column vc_column_container vc_col-sm-4\"><div class=\"vc_column-inner\"><div class=\"wpb_wrapper\"><style type=\"text\/css\" data-type=\"the7_shortcodes-inline-css\">.shortcode-single-image-wrap.shortcode-single-image-9e1f330cf6ffc4428815b555d5a07639.enable-bg-rollover .rollover i,\n.shortcode-single-image-wrap.shortcode-single-image-9e1f330cf6ffc4428815b555d5a07639.enable-bg-rollover .rollover-video i {\n  background: -webkit-linear-gradient();\n  background: linear-gradient();\n}\n.shortcode-single-image-wrap.shortcode-single-image-9e1f330cf6ffc4428815b555d5a07639 .rollover-icon {\n  font-size: 32px;\n  color: #ffffff;\n  min-width: 44px;\n  min-height: 44px;\n  line-height: 44px;\n  border-radius: 100px;\n  border-style: solid;\n  border-width: 0px;\n}\n.dt-icon-bg-on.shortcode-single-image-wrap.shortcode-single-image-9e1f330cf6ffc4428815b555d5a07639 .rollover-icon {\n  background: rgba(255,255,255,0.3);\n  box-shadow: none;\n}<\/style><div class=\"shortcode-single-image-wrap shortcode-single-image-9e1f330cf6ffc4428815b555d5a07639 alignnone  enable-bg-rollover dt-icon-bg-off\" style=\"margin-top:0px; margin-bottom:0px; margin-left:0px; margin-right:0px; width:600px;\" data-pretty-share=\"facebook,twitter,linkedin,pinterest,whatsapp\"><div class=\"shortcode-single-image\"><div class=\"fancy-media-wrap\" style=\"\"><a href=\"https:\/\/dezsmartech.com\/pt\/products\/h3600a-selective-wave-soldering-machine\/\" class=\"layzr-bg rollover\" style=\"\" aria-label=\"Imagem\"><img decoding=\"async\" class=\"preload-me lazy-load aspect\" src=\"data:image\/svg+xml,%3Csvg%20xmlns%3D&#39;http%3A%2F%2Fwww.w3.org%2F2000%2Fsvg&#39;%20viewBox%3D&#39;0%200%20600%20600&#39;%2F%3E\" data-src=\"https:\/\/dezsmartech.com\/wp-content\/uploads\/2024\/12\/dez-600x600.jpg\" data-srcset=\"https:\/\/dezsmartech.com\/wp-content\/uploads\/2024\/12\/dez-600x600.jpg 600w, https:\/\/dezsmartech.com\/wp-content\/uploads\/2024\/12\/dez-1200x1200.jpg 1200w\" loading=\"eager\" style=\"--ratio: 600 \/ 600\" sizes=\"(max-width: 600px) 100vw, 600px\" width=\"600\" height=\"600\"  data-dt-location=\"https:\/\/dezsmartech.com\/pt\/product\/selective-wave-soldering-machine\/dez-10\/\" alt=\"\" \/><\/a><\/div><\/div><\/div>\n\t<div class=\"wpb_text_column wpb_content_element\" >\n\t\t<div class=\"wpb_wrapper\">\n\t\t\t<h3 class=\"vc_custom_heading vc_do_custom_heading\" style=\"text-align: center;\"><a href=\"https:\/\/dezsmartech.com\/pt\/products\/h3600a-selective-soldering-machine\/\">H3600A Selective Wave Soldering Machine<\/a><\/h3>\n\n\t\t<\/div>\n\t<\/div>\n<\/div><\/div><\/div><div class=\"wpb_column vc_column_container vc_col-sm-4\"><div class=\"vc_column-inner\"><div class=\"wpb_wrapper\"><style type=\"text\/css\" data-type=\"the7_shortcodes-inline-css\">.shortcode-single-image-wrap.shortcode-single-image-bf8564a33750af9adaf18f16a76902e7.enable-bg-rollover .rollover i,\n.shortcode-single-image-wrap.shortcode-single-image-bf8564a33750af9adaf18f16a76902e7.enable-bg-rollover .rollover-video i {\n  background: -webkit-linear-gradient();\n  background: linear-gradient();\n}\n.shortcode-single-image-wrap.shortcode-single-image-bf8564a33750af9adaf18f16a76902e7 .rollover-icon {\n  font-size: 32px;\n  color: #ffffff;\n  min-width: 44px;\n  min-height: 44px;\n  line-height: 44px;\n  border-radius: 100px;\n  border-style: solid;\n  border-width: 0px;\n}\n.dt-icon-bg-on.shortcode-single-image-wrap.shortcode-single-image-bf8564a33750af9adaf18f16a76902e7 .rollover-icon {\n  background: rgba(255,255,255,0.3);\n  box-shadow: none;\n}<\/style><div class=\"shortcode-single-image-wrap shortcode-single-image-bf8564a33750af9adaf18f16a76902e7 alignnone  enable-bg-rollover dt-icon-bg-off\" style=\"margin-top:0px; margin-bottom:0px; margin-left:0px; margin-right:0px; width:600px;\" data-pretty-share=\"facebook,twitter,linkedin,pinterest,whatsapp\"><div class=\"shortcode-single-image\"><div class=\"fancy-media-wrap\" style=\"\"><a href=\"https:\/\/dezsmartech.com\/pt\/products\/h3500a-selective-wave-soldering-machine\/\" class=\"layzr-bg rollover\" style=\"\" aria-label=\"Imagem\"><img decoding=\"async\" class=\"preload-me lazy-load aspect\" src=\"data:image\/svg+xml,%3Csvg%20xmlns%3D&#39;http%3A%2F%2Fwww.w3.org%2F2000%2Fsvg&#39;%20viewBox%3D&#39;0%200%20600%20600&#39;%2F%3E\" data-src=\"https:\/\/dezsmartech.com\/wp-content\/uploads\/2025\/01\/2-600x600.jpg\" data-srcset=\"https:\/\/dezsmartech.com\/wp-content\/uploads\/2025\/01\/2-600x600.jpg 600w, https:\/\/dezsmartech.com\/wp-content\/uploads\/2025\/01\/2-1200x1200.jpg 1200w\" loading=\"eager\" style=\"--ratio: 600 \/ 600\" sizes=\"(max-width: 600px) 100vw, 600px\" width=\"600\" height=\"600\"  data-dt-location=\"https:\/\/dezsmartech.com\/pt\/product\/selective-wave-soldering-machine\/2-6\/\" alt=\"\" \/><\/a><\/div><\/div><\/div>\n\t<div class=\"wpb_text_column wpb_content_element\" >\n\t\t<div class=\"wpb_wrapper\">\n\t\t\t<h3 class=\"vc_custom_heading vc_do_custom_heading\" style=\"text-align: center;\"><a href=\"https:\/\/dezsmartech.com\/pt\/products\/h3500a-selective-wave-soldering-machine\/\">H3500A Selective Wave Soldering Machine<\/a><\/h3>\n\n\t\t<\/div>\n\t<\/div>\n<\/div><\/div><\/div><\/div><div class=\"vc_row wpb_row vc_row-fluid vc_custom_1733826365729 vc_row-o-equal-height vc_row-flex\"><div class=\"wpb_column vc_column_container vc_col-sm-4\"><div class=\"vc_column-inner\"><div class=\"wpb_wrapper\"><style type=\"text\/css\" data-type=\"the7_shortcodes-inline-css\">.shortcode-single-image-wrap.shortcode-single-image-01c9f502ebe9735491777e194a43922a.enable-bg-rollover .rollover i,\n.shortcode-single-image-wrap.shortcode-single-image-01c9f502ebe9735491777e194a43922a.enable-bg-rollover .rollover-video i {\n  background: -webkit-linear-gradient();\n  background: linear-gradient();\n}\n.shortcode-single-image-wrap.shortcode-single-image-01c9f502ebe9735491777e194a43922a .rollover-icon {\n  font-size: 32px;\n  color: #ffffff;\n  min-width: 44px;\n  min-height: 44px;\n  line-height: 44px;\n  border-radius: 100px;\n  border-style: solid;\n  border-width: 0px;\n}\n.dt-icon-bg-on.shortcode-single-image-wrap.shortcode-single-image-01c9f502ebe9735491777e194a43922a .rollover-icon {\n  background: rgba(255,255,255,0.3);\n  box-shadow: none;\n}<\/style><div class=\"shortcode-single-image-wrap shortcode-single-image-01c9f502ebe9735491777e194a43922a alignnone  enable-bg-rollover dt-icon-bg-off\" style=\"margin-top:0px; margin-bottom:0px; margin-left:0px; margin-right:0px; width:600px;\" data-pretty-share=\"facebook,twitter,linkedin,pinterest,whatsapp\"><div class=\"shortcode-single-image\"><div class=\"fancy-media-wrap\" style=\"\"><a href=\"https:\/\/dezsmartech.com\/pt\/products\/dez-d59-2n-nitrogen-making-machine\/\" class=\"layzr-bg rollover\" style=\"\" aria-label=\"Imagem\"><img decoding=\"async\" class=\"preload-me lazy-load aspect\" src=\"data:image\/svg+xml,%3Csvg%20xmlns%3D&#39;http%3A%2F%2Fwww.w3.org%2F2000%2Fsvg&#39;%20viewBox%3D&#39;0%200%20600%20600&#39;%2F%3E\" data-src=\"https:\/\/dezsmartech.com\/wp-content\/uploads\/2025\/01\/\u56fe8-600x600.jpg\" data-srcset=\"https:\/\/dezsmartech.com\/wp-content\/uploads\/2025\/01\/\u56fe8-600x600.jpg 600w, https:\/\/dezsmartech.com\/wp-content\/uploads\/2025\/01\/\u56fe8-1200x1200.jpg 1200w\" loading=\"eager\" style=\"--ratio: 600 \/ 600\" sizes=\"(max-width: 600px) 100vw, 600px\" width=\"600\" height=\"600\"  data-dt-location=\"https:\/\/dezsmartech.com\/pt\/product\/selective-wave-soldering-machine\/%e5%9b%be8\/\" alt=\"\" \/><\/a><\/div><\/div><\/div>\n\t<div class=\"wpb_text_column wpb_content_element\" >\n\t\t<div class=\"wpb_wrapper\">\n\t\t\t<h3 style=\"text-align: center;\" title=\"Silman DEZ-D59-2N 99.99% High Purity Automatic N2 Nitrogen Generator Nitrogen Making Machine\" data-spm-anchor-id=\"a2700.details.0.i62.1f8231302te9sF\"><a href=\"https:\/\/dezsmartech.com\/pt\/products\/dez-d59-2n-nitrogen-making-machine\/\">DEZ-D59-2N Nitrogen Making Machine<\/a><\/h3>\n\n\t\t<\/div>\n\t<\/div>\n<\/div><\/div><\/div><div class=\"wpb_column vc_column_container vc_col-sm-4\"><div class=\"vc_column-inner\"><div class=\"wpb_wrapper\"><style type=\"text\/css\" data-type=\"the7_shortcodes-inline-css\">.shortcode-single-image-wrap.shortcode-single-image-3b03d627dcb81c7c2b3a18329a6f4c4d.enable-bg-rollover .rollover i,\n.shortcode-single-image-wrap.shortcode-single-image-3b03d627dcb81c7c2b3a18329a6f4c4d.enable-bg-rollover .rollover-video i {\n  background: -webkit-linear-gradient();\n  background: linear-gradient();\n}\n.shortcode-single-image-wrap.shortcode-single-image-3b03d627dcb81c7c2b3a18329a6f4c4d .rollover-icon {\n  font-size: 32px;\n  color: #ffffff;\n  min-width: 44px;\n  min-height: 44px;\n  line-height: 44px;\n  border-radius: 100px;\n  border-style: solid;\n  border-width: 0px;\n}\n.dt-icon-bg-on.shortcode-single-image-wrap.shortcode-single-image-3b03d627dcb81c7c2b3a18329a6f4c4d .rollover-icon {\n  background: rgba(255,255,255,0.3);\n  box-shadow: none;\n}<\/style><div class=\"shortcode-single-image-wrap shortcode-single-image-3b03d627dcb81c7c2b3a18329a6f4c4d alignnone  enable-bg-rollover dt-icon-bg-off\" style=\"margin-top:0px; margin-bottom:0px; margin-left:0px; margin-right:0px; width:600px;\" data-pretty-share=\"facebook,twitter,linkedin,pinterest,whatsapp\"><div class=\"shortcode-single-image\"><div class=\"fancy-media-wrap\" style=\"\"><a href=\"https:\/\/dezsmartech.com\/pt\/products\/h3610s-turret-style-selective-soldering-machine\/\" class=\"layzr-bg rollover\" style=\"\" aria-label=\"Imagem\"><img decoding=\"async\" class=\"preload-me lazy-load aspect\" src=\"data:image\/svg+xml,%3Csvg%20xmlns%3D&#39;http%3A%2F%2Fwww.w3.org%2F2000%2Fsvg&#39;%20viewBox%3D&#39;0%200%20600%20600&#39;%2F%3E\" data-src=\"https:\/\/dezsmartech.com\/wp-content\/uploads\/2024\/12\/\u56fe1-3-600x600.jpg\" data-srcset=\"https:\/\/dezsmartech.com\/wp-content\/uploads\/2024\/12\/\u56fe1-3-600x600.jpg 600w, https:\/\/dezsmartech.com\/wp-content\/uploads\/2024\/12\/\u56fe1-3-1200x1200.jpg 1200w\" loading=\"eager\" style=\"--ratio: 600 \/ 600\" sizes=\"(max-width: 600px) 100vw, 600px\" width=\"600\" height=\"600\"  data-dt-location=\"https:\/\/dezsmartech.com\/pt\/product\/selective-wave-soldering-machine\/%e5%9b%be1-4\/\" alt=\"\" \/><\/a><\/div><\/div><\/div>\n\t<div class=\"wpb_text_column wpb_content_element\" >\n\t\t<div class=\"wpb_wrapper\">\n\t\t\t<h3 class=\"vc_custom_heading vc_do_custom_heading\" style=\"text-align: center;\"><a href=\"https:\/\/dezsmartech.com\/pt\/products\/h3610s-turret-style-selective-soldering-machine\/\">H3610S M\u00e1quina de soldadura selectiva tipo torre<\/a><\/h3>\n\n\t\t<\/div>\n\t<\/div>\n<\/div><\/div><\/div><div class=\"wpb_column vc_column_container vc_col-sm-4\"><div class=\"vc_column-inner\"><div class=\"wpb_wrapper\"><style type=\"text\/css\" data-type=\"the7_shortcodes-inline-css\">.shortcode-single-image-wrap.shortcode-single-image-6b5fd6d9b9c76a62ea15bcbe04728f0c.enable-bg-rollover .rollover i,\n.shortcode-single-image-wrap.shortcode-single-image-6b5fd6d9b9c76a62ea15bcbe04728f0c.enable-bg-rollover .rollover-video i {\n  background: -webkit-linear-gradient();\n  background: linear-gradient();\n}\n.shortcode-single-image-wrap.shortcode-single-image-6b5fd6d9b9c76a62ea15bcbe04728f0c .rollover-icon {\n  font-size: 32px;\n  color: #ffffff;\n  min-width: 44px;\n  min-height: 44px;\n  line-height: 44px;\n  border-radius: 100px;\n  border-style: solid;\n  border-width: 0px;\n}\n.dt-icon-bg-on.shortcode-single-image-wrap.shortcode-single-image-6b5fd6d9b9c76a62ea15bcbe04728f0c .rollover-icon {\n  background: rgba(255,255,255,0.3);\n  box-shadow: none;\n}<\/style><div class=\"shortcode-single-image-wrap shortcode-single-image-6b5fd6d9b9c76a62ea15bcbe04728f0c alignnone  enable-bg-rollover dt-icon-bg-off\" style=\"margin-top:0px; margin-bottom:0px; margin-left:0px; margin-right:0px; width:600px;\" data-pretty-share=\"facebook,twitter,linkedin,pinterest,whatsapp\"><div class=\"shortcode-single-image\"><div class=\"fancy-media-wrap\" style=\"\"><a href=\"https:\/\/dezsmartech.com\/pt\/products\/h3300s-turntable-selective-wave-soldering-machine\/\" class=\"layzr-bg rollover\" style=\"\" aria-label=\"Imagem\"><img decoding=\"async\" class=\"preload-me lazy-load aspect\" src=\"data:image\/svg+xml,%3Csvg%20xmlns%3D&#39;http%3A%2F%2Fwww.w3.org%2F2000%2Fsvg&#39;%20viewBox%3D&#39;0%200%20600%20600&#39;%2F%3E\" data-src=\"https:\/\/dezsmartech.com\/wp-content\/uploads\/2024\/12\/\u56fe2-1-600x600.jpg\" data-srcset=\"https:\/\/dezsmartech.com\/wp-content\/uploads\/2024\/12\/\u56fe2-1-600x600.jpg 600w, https:\/\/dezsmartech.com\/wp-content\/uploads\/2024\/12\/\u56fe2-1-1200x1200.jpg 1200w\" loading=\"eager\" style=\"--ratio: 600 \/ 600\" sizes=\"(max-width: 600px) 100vw, 600px\" width=\"600\" height=\"600\"  data-dt-location=\"https:\/\/dezsmartech.com\/pt\/product\/selective-wave-soldering-machine\/%e5%9b%be2-2\/\" alt=\"\" \/><\/a><\/div><\/div><\/div>\n\t<div class=\"wpb_text_column wpb_content_element\" >\n\t\t<div class=\"wpb_wrapper\">\n\t\t\t<h3 class=\"vc_custom_heading vc_do_custom_heading\" style=\"text-align: center;\"><a href=\"https:\/\/dezsmartech.com\/pt\/products\/h3300s-turntable-selective-wave-soldering-machine\/\">M\u00e1quina de solda por onda seletiva com plataforma girat\u00f3ria H3300S (modelo personalizado)<\/a><\/h3>\n\n\t\t<\/div>\n\t<\/div>\n<\/div><\/div><\/div><\/div><div class=\"vc_row wpb_row vc_row-fluid vc_custom_1733826365729 vc_row-o-equal-height vc_row-flex\"><div class=\"wpb_column vc_column_container vc_col-sm-4\"><div class=\"vc_column-inner\"><div class=\"wpb_wrapper\"><style type=\"text\/css\" data-type=\"the7_shortcodes-inline-css\">.shortcode-single-image-wrap.shortcode-single-image-ae68fd2a395b0a6d50d7b8a0dc805266.enable-bg-rollover .rollover i,\n.shortcode-single-image-wrap.shortcode-single-image-ae68fd2a395b0a6d50d7b8a0dc805266.enable-bg-rollover .rollover-video i {\n  background: -webkit-linear-gradient();\n  background: linear-gradient();\n}\n.shortcode-single-image-wrap.shortcode-single-image-ae68fd2a395b0a6d50d7b8a0dc805266 .rollover-icon {\n  font-size: 32px;\n  color: #ffffff;\n  min-width: 44px;\n  min-height: 44px;\n  line-height: 44px;\n  border-radius: 100px;\n  border-style: solid;\n  border-width: 0px;\n}\n.dt-icon-bg-on.shortcode-single-image-wrap.shortcode-single-image-ae68fd2a395b0a6d50d7b8a0dc805266 .rollover-icon {\n  background: rgba(255,255,255,0.3);\n  box-shadow: none;\n}<\/style><div class=\"shortcode-single-image-wrap shortcode-single-image-ae68fd2a395b0a6d50d7b8a0dc805266 alignnone  enable-bg-rollover dt-icon-bg-off\" style=\"margin-top:0px; margin-bottom:0px; margin-left:0px; margin-right:0px; width:600px;\" data-pretty-share=\"facebook,twitter,linkedin,pinterest,whatsapp\"><div class=\"shortcode-single-image\"><div class=\"fancy-media-wrap\" style=\"\"><a href=\"https:\/\/dezsmartech.com\/pt\/products\/h3630-selective-wave-soldering-machine\/\" class=\"layzr-bg rollover\" style=\"\" aria-label=\"Imagem\"><img decoding=\"async\" class=\"preload-me lazy-load aspect\" src=\"data:image\/svg+xml,%3Csvg%20xmlns%3D&#39;http%3A%2F%2Fwww.w3.org%2F2000%2Fsvg&#39;%20viewBox%3D&#39;0%200%20600%20600&#39;%2F%3E\" data-src=\"https:\/\/dezsmartech.com\/wp-content\/uploads\/2024\/12\/\u56fe3-1-600x600.jpg\" data-srcset=\"https:\/\/dezsmartech.com\/wp-content\/uploads\/2024\/12\/\u56fe3-1-600x600.jpg 600w, https:\/\/dezsmartech.com\/wp-content\/uploads\/2024\/12\/\u56fe3-1-1200x1200.jpg 1200w\" loading=\"eager\" style=\"--ratio: 600 \/ 600\" sizes=\"(max-width: 600px) 100vw, 600px\" width=\"600\" height=\"600\"  data-dt-location=\"https:\/\/dezsmartech.com\/pt\/product\/selective-wave-soldering-machine\/%e5%9b%be3-2\/\" alt=\"\" \/><\/a><\/div><\/div><\/div>\n\t<div class=\"wpb_text_column wpb_content_element\" >\n\t\t<div class=\"wpb_wrapper\">\n\t\t\t<h3 class=\"vc_custom_heading vc_do_custom_heading\" style=\"text-align: center;\"><a href=\"https:\/\/dezsmartech.com\/pt\/products\/h3630-selective-wave-soldering-machine\/\">M\u00e1quina de solda por onda selectiva H3630<\/a><\/h3>\n\n\t\t<\/div>\n\t<\/div>\n<\/div><\/div><\/div><div class=\"wpb_column vc_column_container vc_col-sm-4\"><div class=\"vc_column-inner\"><div class=\"wpb_wrapper\"><style type=\"text\/css\" data-type=\"the7_shortcodes-inline-css\">.shortcode-single-image-wrap.shortcode-single-image-2cf15addc9fe6ded83264cdd4f0f90d1.enable-bg-rollover .rollover i,\n.shortcode-single-image-wrap.shortcode-single-image-2cf15addc9fe6ded83264cdd4f0f90d1.enable-bg-rollover .rollover-video i {\n  background: -webkit-linear-gradient();\n  background: linear-gradient();\n}\n.shortcode-single-image-wrap.shortcode-single-image-2cf15addc9fe6ded83264cdd4f0f90d1 .rollover-icon {\n  font-size: 32px;\n  color: #ffffff;\n  min-width: 44px;\n  min-height: 44px;\n  line-height: 44px;\n  border-radius: 100px;\n  border-style: solid;\n  border-width: 0px;\n}\n.dt-icon-bg-on.shortcode-single-image-wrap.shortcode-single-image-2cf15addc9fe6ded83264cdd4f0f90d1 .rollover-icon {\n  background: rgba(255,255,255,0.3);\n  box-shadow: none;\n}<\/style><div class=\"shortcode-single-image-wrap shortcode-single-image-2cf15addc9fe6ded83264cdd4f0f90d1 alignnone  enable-bg-rollover dt-icon-bg-off\" style=\"margin-top:0px; margin-bottom:0px; margin-left:0px; margin-right:0px; width:600px;\" data-pretty-share=\"facebook,twitter,linkedin,pinterest,whatsapp\"><div class=\"shortcode-single-image\"><div class=\"fancy-media-wrap\" style=\"\"><a href=\"https:\/\/dezsmartech.com\/pt\/products\/h3900l-selective-wave-soldering-machine\/\" class=\"layzr-bg rollover\" style=\"\" aria-label=\"Imagem\"><img decoding=\"async\" class=\"preload-me lazy-load aspect\" src=\"data:image\/svg+xml,%3Csvg%20xmlns%3D&#39;http%3A%2F%2Fwww.w3.org%2F2000%2Fsvg&#39;%20viewBox%3D&#39;0%200%20600%20600&#39;%2F%3E\" data-src=\"https:\/\/dezsmartech.com\/wp-content\/uploads\/2024\/12\/\u56fe4-1-600x600.jpg\" data-srcset=\"https:\/\/dezsmartech.com\/wp-content\/uploads\/2024\/12\/\u56fe4-1-600x600.jpg 600w, https:\/\/dezsmartech.com\/wp-content\/uploads\/2024\/12\/\u56fe4-1-1200x1200.jpg 1200w\" loading=\"eager\" style=\"--ratio: 600 \/ 600\" sizes=\"(max-width: 600px) 100vw, 600px\" width=\"600\" height=\"600\"  data-dt-location=\"https:\/\/dezsmartech.com\/pt\/product\/selective-wave-soldering-machine\/%e5%9b%be4-2\/\" alt=\"\" \/><\/a><\/div><\/div><\/div>\n\t<div class=\"wpb_text_column wpb_content_element\" >\n\t\t<div class=\"wpb_wrapper\">\n\t\t\t<h3 class=\"vc_custom_heading vc_do_custom_heading\" style=\"text-align: center;\"><a href=\"https:\/\/dezsmartech.com\/pt\/products\/h3900l-selective-wave-soldering-machine\/\">M\u00e1quina de solda por onda selectiva H3900L<\/a><\/h3>\n\n\t\t<\/div>\n\t<\/div>\n<\/div><\/div><\/div><div class=\"wpb_column vc_column_container vc_col-sm-4\"><div class=\"vc_column-inner\"><div class=\"wpb_wrapper\"><\/div><\/div><\/div><\/div>\n<\/div>","protected":false},"excerpt":{"rendered":"<p>Selective Wave Soldering Machine Selective soldering machines enhance precision, efficiency, and quality by targeting specific areas, reducing thermal stress, and accommodating various components. H3200 Selective Wave Soldering Machine H3600A Selective Wave Soldering Machine H3500A Selective Wave Soldering Machine DEZ-D59-2N Nitrogen Making Machine H3610S Turret-style Selective Soldering Machine H3300S Turntable Selective Wave Soldering Machine (Customized Model)&hellip;<\/p>","protected":false},"author":2,"featured_media":0,"parent":9,"menu_order":0,"comment_status":"closed","ping_status":"closed","template":"","meta":{"footnotes":""},"categories":[],"tags":[],"class_list":["post-48380","page","type-page","status-publish","hentry","description-off"],"_links":{"self":[{"href":"https:\/\/dezsmartech.com\/pt\/wp-json\/wp\/v2\/pages\/48380","targetHints":{"allow":["GET"]}}],"collection":[{"href":"https:\/\/dezsmartech.com\/pt\/wp-json\/wp\/v2\/pages"}],"about":[{"href":"https:\/\/dezsmartech.com\/pt\/wp-json\/wp\/v2\/types\/page"}],"author":[{"embeddable":true,"href":"https:\/\/dezsmartech.com\/pt\/wp-json\/wp\/v2\/users\/2"}],"replies":[{"embeddable":true,"href":"https:\/\/dezsmartech.com\/pt\/wp-json\/wp\/v2\/comments?post=48380"}],"version-history":[{"count":24,"href":"https:\/\/dezsmartech.com\/pt\/wp-json\/wp\/v2\/pages\/48380\/revisions"}],"predecessor-version":[{"id":51445,"href":"https:\/\/dezsmartech.com\/pt\/wp-json\/wp\/v2\/pages\/48380\/revisions\/51445"}],"up":[{"embeddable":true,"href":"https:\/\/dezsmartech.com\/pt\/wp-json\/wp\/v2\/pages\/9"}],"wp:attachment":[{"href":"https:\/\/dezsmartech.com\/pt\/wp-json\/wp\/v2\/media?parent=48380"}],"wp:term":[{"taxonomy":"category","embeddable":true,"href":"https:\/\/dezsmartech.com\/pt\/wp-json\/wp\/v2\/categories?post=48380"},{"taxonomy":"post_tag","embeddable":true,"href":"https:\/\/dezsmartech.com\/pt\/wp-json\/wp\/v2\/tags?post=48380"}],"curies":[{"name":"wp","href":"https:\/\/api.w.org\/{rel}","templated":true}]}}