{"id":45525,"date":"2019-03-03T08:43:55","date_gmt":"2019-03-03T08:43:55","guid":{"rendered":"https:\/\/www.silmantech.com\/?page_id=45525"},"modified":"2024-12-05T08:20:55","modified_gmt":"2024-12-05T08:20:55","slug":"tv-laser-repair-machine","status":"publish","type":"page","link":"https:\/\/dezsmartech.com\/es\/product\/tv-laser-repair-machine\/","title":{"rendered":"M\u00e1quina de reparaci\u00f3n l\u00e1ser de TV"},"content":{"rendered":"<div class=\"wpb-content-wrapper\"><div class=\"vc_row wpb_row vc_row-fluid vc_custom_1549243139614\"><div class=\"wpb_column vc_column_container vc_col-sm-12 vc_col-lg-12 vc_col-md-12\"><div class=\"vc_column-inner vc_custom_1476030031960\"><div class=\"wpb_wrapper\"><div id=\"ultimate-heading-26066a0070351b2db\" class=\"uvc-heading ult-adjust-bottom-margin ultimate-heading-26066a0070351b2db uvc-8785\" data-hspacer=\"no_spacer\"  data-halign=\"center\" style=\"text-align:center\"><div class=\"uvc-heading-spacer no_spacer\" style=\"top\"><\/div><div class=\"uvc-main-heading ult-responsive\"  data-ultimate-target='.uvc-heading.ultimate-heading-26066a0070351b2db h2'  data-responsive-json-new='{\"font-size\":\"desktop:34px;mobile_landscape:22px;mobile:22px;\",\"line-height\":\"desktop:46px;mobile_landscape:32px;mobile:32px;\"}' ><h2 style=\"font-family:&#039;Raleway&#039;;font-weight:700;color:#ffffff;margin-bottom:50x;\">M\u00e1quina de reparaci\u00f3n l\u00e1ser de TV<\/h2><\/div><\/div><\/div><\/div><\/div><\/div><!-- Row Backgrounds --><div class=\"upb_bg_img\" data-ultimate-bg=\"url(https://dezsmartech.com/es/https:\/\/dezsmartech.com\/wp-content\/uploads\/2019\/02\/product-banner-1900-mini.png)\" data-image-id=\"id^15497|url^https:\/\/dezsmartech.com\/wp-content\/uploads\/2019\/02\/product-banner-1900-mini.png|caption^null|alt^null|title^product-banner-1900-mini|description^null\" data-ultimate-bg-style=\"vcpb-vz-jquery\" data-bg-img-repeat=\"no-repeat\" data-bg-img-size=\"cover\" data-bg-img-position=\"\" data-parallx_sense=\"30\" data-bg-override=\"ex-full\" data-bg_img_attach=\"scroll\" data-upb-overlay-color=\"rgba(0,0,0,0.5)\" data-upb-bg-animation=\"\" data-fadeout=\"\" data-bg-animation=\"left-animation\" data-bg-animation-type=\"h\" data-animation-repeat=\"repeat\" data-fadeout-percentage=\"30\" data-parallax-content=\"\" data-parallax-content-sense=\"30\" data-row-effect-mobile-disable=\"true\" data-img-parallax-mobile-disable=\"true\" data-rtl=\"false\"  data-custom-vc-row=\"\"  data-vc=\"8.7.2\"  data-is_old_vc=\"\"  data-theme-support=\"\"   data-overlay=\"true\" data-overlay-color=\"rgba(0,0,0,0.5)\" data-overlay-pattern=\"\" data-overlay-pattern-opacity=\"0.25\" data-overlay-pattern-size=\"\" data-overlay-pattern-attachment=\"scroll\"    ><\/div><div class=\"vc_row wpb_row vc_row-fluid vc_custom_1490191966165\"><div class=\"wpb_column vc_column_container vc_col-sm-12\"><div class=\"vc_column-inner\"><div class=\"wpb_wrapper\"><style type=\"text\/css\" data-type=\"the7_shortcodes-inline-css\">.dt-breadcrumbs-id-246d9a2fc740fde360e91957b1111789 .breadcrumbs {\n  display: inline-block;\n  margin: 0;\n  padding: 2px 12px 2px 12px;\n  border: 0px solid ;\n  border-radius: 0px;\n}\n.dt-breadcrumbs-id-246d9a2fc740fde360e91957b1111789 .breadcrumbs * {\n  font-size: 13px;\n  line-height: 16px;\n  color: #b5b5b5;\n}<\/style><div class=\"dt-breadcrumbs-shortcode dt-breadcrumbs-id-246d9a2fc740fde360e91957b1111789 align-left\"><div class=\"assistive-text\">You are here:<\/div><ol class=\"breadcrumbs text-small\" itemscope itemtype=\"https:\/\/schema.org\/BreadcrumbList\"><li itemprop=\"itemListElement\" itemscope itemtype=\"https:\/\/schema.org\/ListItem\"><a itemprop=\"item\" href=\"https:\/\/dezsmartech.com\/es\/\" title=\"Hogar\"><span itemprop=\"name\">Hogar<\/span><\/a><meta itemprop=\"position\" content=\"1\" \/><\/li><li class=\"current\" itemprop=\"itemListElement\" itemscope itemtype=\"https:\/\/schema.org\/ListItem\"><span itemprop=\"name\">Page<\/span><meta itemprop=\"position\" content=\"2\" \/><\/li><\/ol><\/div><style type=\"text\/css\" data-type=\"the7_shortcodes-inline-css\">.portfolio-shortcode.portfolio-masonry-shortcode-id-6670bd2117e62bf4f9a7c32d89cdb349.dividers-on.classic-layout-list article {\n  padding-top: 0;\n}\n.portfolio-shortcode.portfolio-masonry-shortcode-id-6670bd2117e62bf4f9a7c32d89cdb349.dividers-on.classic-layout-list article:first-of-type {\n  margin-top: 0;\n  padding-top: 0;\n}\n.portfolio-shortcode.portfolio-masonry-shortcode-id-6670bd2117e62bf4f9a7c32d89cdb349.classic-layout-list.mode-list .post-entry-content {\n  width: calc(100% - );\n}\n.portfolio-shortcode.portfolio-masonry-shortcode-id-6670bd2117e62bf4f9a7c32d89cdb349.classic-layout-list.mode-list .no-img .post-entry-content {\n  width: 100%;\n}\n.portfolio-shortcode.portfolio-masonry-shortcode-id-6670bd2117e62bf4f9a7c32d89cdb349 .filter-bg-decoration .filter-categories a.act {\n  color: #fff;\n}\n.portfolio-shortcode.portfolio-masonry-shortcode-id-6670bd2117e62bf4f9a7c32d89cdb349:not(.mode-masonry) article:first-of-type,\n.portfolio-shortcode.portfolio-masonry-shortcode-id-6670bd2117e62bf4f9a7c32d89cdb349:not(.mode-masonry) article.visible.first {\n  margin-top: 0;\n}\n.portfolio-shortcode.portfolio-masonry-shortcode-id-6670bd2117e62bf4f9a7c32d89cdb349.dividers-on:not(.mode-masonry) article {\n  margin-top: 0;\n}\n.portfolio-shortcode.portfolio-masonry-shortcode-id-6670bd2117e62bf4f9a7c32d89cdb349.dividers-on:not(.mode-masonry) article:first-of-type,\n.portfolio-shortcode.portfolio-masonry-shortcode-id-6670bd2117e62bf4f9a7c32d89cdb349.dividers-on:not(.mode-masonry) article.visible.first {\n  margin-top: 0;\n  padding-top: 0;\n}\n.portfolio-shortcode.portfolio-masonry-shortcode-id-6670bd2117e62bf4f9a7c32d89cdb349.hover-scale article:after {\n  background: -webkit-linear-gradient();\n  background: linear-gradient();\n}\n.portfolio-shortcode.portfolio-masonry-shortcode-id-6670bd2117e62bf4f9a7c32d89cdb349.gradient-overlay-layout-list article {\n  border-radius: 0px;\n}\n.portfolio-shortcode.portfolio-masonry-shortcode-id-6670bd2117e62bf4f9a7c32d89cdb349 .post-thumbnail-wrap {\n  padding: 0px 0px 0px 0px;\n  border-radius: 0px;\n}\n.portfolio-shortcode.portfolio-masonry-shortcode-id-6670bd2117e62bf4f9a7c32d89cdb349 .post-thumbnail-wrap *,\n.portfolio-shortcode.portfolio-masonry-shortcode-id-6670bd2117e62bf4f9a7c32d89cdb349 .post-thumbnail-rollover:after {\n  border-radius: 0px;\n}\n.portfolio-shortcode.portfolio-masonry-shortcode-id-6670bd2117e62bf4f9a7c32d89cdb349.enable-bg-rollover .post-thumbnail-rollover:after {\n  background: -webkit-linear-gradient();\n  background: linear-gradient();\n}\n.bottom-overlap-layout-list.portfolio-shortcode.portfolio-masonry-shortcode-id-6670bd2117e62bf4f9a7c32d89cdb349 .project-links-container {\n  height: calc(100% - 100px);\n}\n.portfolio-shortcode.portfolio-masonry-shortcode-id-6670bd2117e62bf4f9a7c32d89cdb349 .project-links-container a {\n  width: 44px;\n  height: 44px;\n  line-height: 44px;\n  border-radius: 100px;\n  margin: 10px 5px 10px;\n}\n.content-rollover-layout-list:not(.content-align-center).portfolio-shortcode.portfolio-masonry-shortcode-id-6670bd2117e62bf4f9a7c32d89cdb349 .project-links-container a,\n.gradient-overlay-layout-list:not(.content-align-center).portfolio-shortcode.portfolio-masonry-shortcode-id-6670bd2117e62bf4f9a7c32d89cdb349 .project-links-container a {\n  margin: 10px 10px 10px 0;\n}\n.dt-icon-border-on.portfolio-shortcode.portfolio-masonry-shortcode-id-6670bd2117e62bf4f9a7c32d89cdb349 .project-links-container a:before {\n  border-width: 0px;\n  border-style: solid;\n}\n.dt-icon-hover-border-on.portfolio-shortcode.portfolio-masonry-shortcode-id-6670bd2117e62bf4f9a7c32d89cdb349 .project-links-container a:after {\n  border-width: 0px;\n  border-style: solid;\n}\n.dt-icon-bg-on.portfolio-shortcode.portfolio-masonry-shortcode-id-6670bd2117e62bf4f9a7c32d89cdb349 .project-links-container a:before {\n  background: rgba(255,255,255,0.3);\n  -webkit-box-shadow: none;\n  box-shadow: none;\n}\n.dt-icon-hover-bg-on.portfolio-shortcode.portfolio-masonry-shortcode-id-6670bd2117e62bf4f9a7c32d89cdb349 .project-links-container a:after {\n  background: rgba(255,255,255,0.5);\n  -webkit-box-shadow: none;\n  box-shadow: none;\n}\n.portfolio-shortcode.portfolio-masonry-shortcode-id-6670bd2117e62bf4f9a7c32d89cdb349 .project-links-container a > span,\n.portfolio-shortcode.portfolio-masonry-shortcode-id-6670bd2117e62bf4f9a7c32d89cdb349 .project-links-container a > span:before {\n  font-size: 16px;\n  line-height: 44px;\n}\n.portfolio-shortcode.portfolio-masonry-shortcode-id-6670bd2117e62bf4f9a7c32d89cdb349 .project-links-container a:not(:hover) > span {\n  color: #ffffff;\n}\n.dt-icon-hover-off.portfolio-shortcode.portfolio-masonry-shortcode-id-6670bd2117e62bf4f9a7c32d89cdb349 .project-links-container a > span,\n.dt-icon-hover-off.portfolio-shortcode.portfolio-masonry-shortcode-id-6670bd2117e62bf4f9a7c32d89cdb349 .project-links-container a:hover > span {\n  color: #ffffff;\n}\n.dt-icon-hover-on.portfolio-shortcode.portfolio-masonry-shortcode-id-6670bd2117e62bf4f9a7c32d89cdb349 .project-links-container a:hover > span {\n  color: #ffffff;\n}\n.portfolio-shortcode.portfolio-masonry-shortcode-id-6670bd2117e62bf4f9a7c32d89cdb349 .entry-title,\n.portfolio-shortcode.portfolio-masonry-shortcode-id-6670bd2117e62bf4f9a7c32d89cdb349.owl-carousel .entry-title {\n  margin-bottom: 5px;\n  font-weight: bold;\n}\n.portfolio-shortcode.portfolio-masonry-shortcode-id-6670bd2117e62bf4f9a7c32d89cdb349 .entry-meta {\n  margin-bottom: 15px;\n}\n.portfolio-shortcode.portfolio-masonry-shortcode-id-6670bd2117e62bf4f9a7c32d89cdb349 .portfolio-categories {\n  margin-bottom: 15px;\n}\n.portfolio-shortcode.portfolio-masonry-shortcode-id-6670bd2117e62bf4f9a7c32d89cdb349 .entry-excerpt {\n  margin-bottom: 5px;\n}\n.portfolio-shortcode.portfolio-masonry-shortcode-id-6670bd2117e62bf4f9a7c32d89cdb349:not(.centered-layout-list) .post-entry-content {\n  padding: 25px 30px 30px 30px;\n}\n.portfolio-shortcode.portfolio-masonry-shortcode-id-6670bd2117e62bf4f9a7c32d89cdb349:not(.centered-layout-list):not(\n      .content-bg-on\n    ):not(.mode-list)\n    .no-img\n    .post-entry-content {\n  padding: 0;\n}\n.portfolio-shortcode.portfolio-masonry-shortcode-id-6670bd2117e62bf4f9a7c32d89cdb349.gradient-overlay-layout-list .post-entry-content {\n  border-radius: 0px;\n}\n@media screen and (max-width: ) {\n  .portfolio-shortcode.portfolio-masonry-shortcode-id-6670bd2117e62bf4f9a7c32d89cdb349 article {\n    -webkit-flex-flow: column nowrap;\n    -moz-flex-flow: column nowrap;\n    -ms-flex-flow: column nowrap;\n    flex-flow: column nowrap;\n    margin-top: 20px;\n  }\n  .portfolio-shortcode.portfolio-masonry-shortcode-id-6670bd2117e62bf4f9a7c32d89cdb349.dividers-on article {\n    border: none;\n  }\n  .portfolio-shortcode.portfolio-masonry-shortcode-id-6670bd2117e62bf4f9a7c32d89cdb349.content-bg-on.centered-layout-list article {\n    padding: 0;\n  }\n  #page .portfolio-shortcode.portfolio-masonry-shortcode-id-6670bd2117e62bf4f9a7c32d89cdb349 .post-thumbnail-wrap,\n  #page .portfolio-shortcode.portfolio-masonry-shortcode-id-6670bd2117e62bf4f9a7c32d89cdb349 .post-entry-content {\n    width: 100%;\n    margin: 0;\n    top: 0;\n  }\n  #page .portfolio-shortcode.portfolio-masonry-shortcode-id-6670bd2117e62bf4f9a7c32d89cdb349 .post-thumbnail-wrap {\n    padding: 0;\n  }\n  #page .portfolio-shortcode.portfolio-masonry-shortcode-id-6670bd2117e62bf4f9a7c32d89cdb349 .post-entry-content:after {\n    display: none;\n  }\n  #page .portfolio-shortcode.portfolio-masonry-shortcode-id-6670bd2117e62bf4f9a7c32d89cdb349 .project-even .post-thumbnail-wrap,\n  #page .portfolio-shortcode.portfolio-masonry-shortcode-id-6670bd2117e62bf4f9a7c32d89cdb349.centered-layout-list .post-thumbnail-wrap {\n    -webkit-order: 0;\n    -moz-order: 0;\n    -ms-flex-order: 0;\n    order: 0;\n  }\n  #page .portfolio-shortcode.portfolio-masonry-shortcode-id-6670bd2117e62bf4f9a7c32d89cdb349.centered-layout-list .post-entry-title-content {\n    -webkit-order: 1;\n    -moz-order: 1;\n    -ms-flex-order: 1;\n    order: 1;\n    width: 100%;\n    padding: 20px 20px 0;\n  }\n  #page .portfolio-shortcode.portfolio-masonry-shortcode-id-6670bd2117e62bf4f9a7c32d89cdb349.centered-layout-list .post-entry-content {\n    -webkit-order: 2;\n    -moz-order: 2;\n    -ms-flex-order: 2;\n    order: 2;\n    padding-top: 0;\n  }\n  #page .portfolio-shortcode.portfolio-masonry-shortcode-id-6670bd2117e62bf4f9a7c32d89cdb349 .post-entry-content {\n    padding: 20px;\n  }\n  #page .portfolio-shortcode.portfolio-masonry-shortcode-id-6670bd2117e62bf4f9a7c32d89cdb349 .entry-title {\n    margin: 3px 0 5px;\n    font-size: 20px;\n    line-height: 26px;\n  }\n  #page .portfolio-shortcode.portfolio-masonry-shortcode-id-6670bd2117e62bf4f9a7c32d89cdb349 .entry-meta {\n    margin: 5px 0 5px;\n  }\n  #page .portfolio-shortcode.portfolio-masonry-shortcode-id-6670bd2117e62bf4f9a7c32d89cdb349 .entry-excerpt {\n    margin: 15px 0 0;\n  }\n  #page .portfolio-shortcode.portfolio-masonry-shortcode-id-6670bd2117e62bf4f9a7c32d89cdb349 .post-details {\n    margin: 5px 0 10px;\n  }\n  #page .portfolio-shortcode.portfolio-masonry-shortcode-id-6670bd2117e62bf4f9a7c32d89cdb349 .post-details.details-type-link {\n    margin-bottom: 2px;\n  }\n}<\/style><div class=\"portfolio-shortcode portfolio-masonry-shortcode-id-6670bd2117e62bf4f9a7c32d89cdb349 mode-masonry classic-layout-list content-bg-on jquery-filter dt-icon-bg-on dt-icon-border-on dt-icon-hover-on dt-icon-hover-border-on dt-icon-hover-bg-on quick-scale-img enable-bg-rollover resize-by-browser-width  loading-effect-none description-under-image\" data-padding=\"15px\" data-cur-page=\"1\" data-post-limit=\"-1\" data-pagination-mode=\"none\" data-desktop-columns-num=\"3\" data-v-tablet-columns-num=\"2\" data-h-tablet-columns-num=\"3\" data-phone-columns-num=\"1\" data-width=\"0px\" data-columns=\"0\"><div class=\"iso-container\" ><div class=\"visible wf-cell iso-item\" data-post-id=\"46857\" data-date=\"2022-05-06T08:18:30+00:00\" data-name=\"Laser repair machine DEZ-65L\"><article class=\"post visible post-46857 dt_portfolio type-dt_portfolio status-publish has-post-thumbnail hentry dt_portfolio_category-tv-laser-repair-machine dt_portfolio_category-64\" data-name=\"Laser repair machine DEZ-65L\" data-date=\"2022-05-06T08:18:30+00:00\">\n\n<div class=\"post-thumbnail-wrap\">\n\t<div class=\"post-thumbnail\">\n\n\t\t<a href=\"https:\/\/dezsmartech.com\/es\/products\/laser-repair-machine-dez-65l\/\" class=\"post-thumbnail-rollover layzr-bg\" target=\"\"  aria-label=\"Post image\"><img fetchpriority=\"high\" decoding=\"async\" class=\"iso-lazy-load preload-me iso-lazy-load aspect\" src=\"data:image\/svg+xml,%3Csvg%20xmlns%3D&#39;http%3A%2F%2Fwww.w3.org%2F2000%2Fsvg&#39;%20viewBox%3D&#39;0%200%20600%20600&#39;%2F%3E\" data-src=\"https:\/\/dezsmartech.com\/wp-content\/uploads\/2022\/05\/laser-repair-machine-1-600x600.jpg\" data-srcset=\"https:\/\/dezsmartech.com\/wp-content\/uploads\/2022\/05\/laser-repair-machine-1-600x600.jpg 600w\" loading=\"eager\" style=\"--ratio: 600 \/ 600\" sizes=\"(max-width: 600px) 100vw, 600px\" alt=\"\" title=\"m\u00e1quina de reparaci\u00f3n l\u00e1ser\" width=\"600\" height=\"600\"  \/><\/a><div class=\"project-links-container\"><a href=\"https:\/\/dezsmartech.com\/wp-content\/uploads\/2022\/05\/laser-repair-machine-1.jpg\" class=\"project-zoom dt-pswp-item dt-single-pswp-popup\" title=\"m\u00e1quina de reparaci\u00f3n l\u00e1ser\" data-dt-img-description=\"\" data-large_image_width=\"1000\" data-large_image_height=\"600\" aria-label=\"Portfolio zoom icon\"><span class=\"icon-portfolio-p203\"><\/span><\/a><a href=\"https:\/\/dezsmartech.com\/es\/products\/laser-repair-machine-dez-65l\/\" target=\"\" class=\"project-details\" aria-label=\"Details link\"><span class=\"icon-portfolio-p205\"><\/span><\/a><\/div>\n\t<\/div>\n<\/div>\n\n\n<div class=\"post-entry-content\">\n\n\t<h3 class=\"entry-title\">\n\t\t<a href=\"https:\/\/dezsmartech.com\/es\/products\/laser-repair-machine-dez-65l\/\" target=\"\" title=\"M\u00e1quina de reparaci\u00f3n l\u00e1ser DEZ-65L\" rel=\"bookmark\">M\u00e1quina de reparaci\u00f3n l\u00e1ser DEZ-65L<\/a>\n\t<\/h3>\n\n\t<div class=\"entry-meta portfolio-categories\"><span class=\"category-link\"><a href=\"https:\/\/dezsmartech.com\/es\/project-category\/tv-laser-repair-machine\/\" >M\u00e1quina de reparaci\u00f3n l\u00e1ser de TV<\/a><\/span><a class=\"author vcard\" href=\"https:\/\/dezsmartech.com\/es\/author\/andy\/\" title=\"View all posts by Andy\" rel=\"author\">By <span class=\"fn\">Andy<\/span><\/a><a href=\"javascript:void(0);\" title=\"8:18 am\" class=\"data-link\" rel=\"bookmark\"><time class=\"entry-date updated\" datetime=\"2022-05-06T08:18:30+00:00\">6 de mayo de 2022<\/time><\/a><\/div>\n\t<div class=\"entry-excerpt\"><p>Descripci\u00f3n general La m\u00e1quina l\u00e1ser es el equipo de m\u00e1s alta gama para la reparaci\u00f3n de pantallas LCD. Caracter\u00edsticasEspecificaci\u00f3nPiezas opcionalesObtener una cotizaci\u00f3nCaracter\u00edsticas \u00bfQu\u00e9 puede reparar una m\u00e1quina de reparaci\u00f3n l\u00e1ser LCD? 1. L\u00edneas de color defectuosas (l\u00edneas horizontales y l\u00edneas verticales), puntos blancos, l\u00edneas brillantes, media l\u00ednea, l\u00edneas m\u00faltiples, l\u00edneas punteadas, etc., causadas por cortocircuitos o impurezas. 2, Pantalla de soporte TFT-LCD, IPS, LTPS, OLED, etc.\u2026<\/p>\n<\/div>\n\t<a class=\"post-details details-type-link\" href=\"https:\/\/dezsmartech.com\/es\/products\/laser-repair-machine-dez-65l\/\" target=\"\">Leer m\u00e1s<i class=\"dt-icon-the7-arrow-03\" aria-hidden=\"true\"><\/i><\/a>\n<\/div><\/article><\/div><div class=\"visible wf-cell iso-item\" data-post-id=\"45699\" data-date=\"2021-05-07T06:33:11+00:00\" data-name=\"TV Laser Repair Machine DEZ-85L\"><article class=\"post visible post-45699 dt_portfolio type-dt_portfolio status-publish has-post-thumbnail hentry dt_portfolio_category-tv-laser-repair-machine dt_portfolio_category-64\" data-name=\"TV Laser Repair Machine DEZ-85L\" data-date=\"2021-05-07T06:33:11+00:00\">\n\n<div class=\"post-thumbnail-wrap\">\n\t<div class=\"post-thumbnail\">\n\n\t\t<a href=\"https:\/\/dezsmartech.com\/es\/products\/laser-machine\/\" class=\"post-thumbnail-rollover layzr-bg\" target=\"\"  aria-label=\"Post image\"><img decoding=\"async\" class=\"iso-lazy-load preload-me iso-lazy-load aspect\" src=\"data:image\/svg+xml,%3Csvg%20xmlns%3D&#39;http%3A%2F%2Fwww.w3.org%2F2000%2Fsvg&#39;%20viewBox%3D&#39;0%200%20370%20370&#39;%2F%3E\" data-src=\"https:\/\/dezsmartech.com\/wp-content\/uploads\/2021\/05\/16518892781-1-e1651911068305-370x370.png\" data-srcset=\"https:\/\/dezsmartech.com\/wp-content\/uploads\/2021\/05\/16518892781-1-e1651911068305-370x370.png 370w\" loading=\"eager\" style=\"--ratio: 370 \/ 370\" sizes=\"(max-width: 370px) 100vw, 370px\" alt=\"Laser Cutting Machine\" title=\"1651889278(1)\" width=\"370\" height=\"370\"  \/><\/a><div class=\"project-links-container\"><a href=\"https:\/\/dezsmartech.com\/wp-content\/uploads\/2021\/05\/16518892781-1-e1651911068305.png\" class=\"project-zoom dt-pswp-item dt-single-pswp-popup\" title=\"1651889278(1)\" data-dt-img-description=\"\" data-large_image_width=\"400\" data-large_image_height=\"370\" aria-label=\"Portfolio zoom icon\"><span class=\"icon-portfolio-p203\"><\/span><\/a><a href=\"https:\/\/dezsmartech.com\/es\/products\/laser-machine\/\" target=\"\" class=\"project-details\" aria-label=\"Details link\"><span class=\"icon-portfolio-p205\"><\/span><\/a><\/div>\n\t<\/div>\n<\/div>\n\n\n<div class=\"post-entry-content\">\n\n\t<h3 class=\"entry-title\">\n\t\t<a href=\"https:\/\/dezsmartech.com\/es\/products\/laser-machine\/\" target=\"\" title=\"M\u00e1quina de reparaci\u00f3n l\u00e1ser para TV DEZ-85L\" rel=\"bookmark\">M\u00e1quina de reparaci\u00f3n l\u00e1ser para TV DEZ-85L<\/a>\n\t<\/h3>\n\n\t<div class=\"entry-meta portfolio-categories\"><span class=\"category-link\"><a href=\"https:\/\/dezsmartech.com\/es\/project-category\/tv-laser-repair-machine\/\" >M\u00e1quina de reparaci\u00f3n l\u00e1ser de TV<\/a><\/span><a class=\"author vcard\" href=\"https:\/\/dezsmartech.com\/es\/author\/andy\/\" title=\"View all posts by Andy\" rel=\"author\">By <span class=\"fn\">Andy<\/span><\/a><a href=\"javascript:void(0);\" title=\"6:33 am\" class=\"data-link\" rel=\"bookmark\"><time class=\"entry-date updated\" datetime=\"2021-05-07T06:33:11+00:00\">7 de mayo de 2021<\/time><\/a><\/div>\n\t<div class=\"entry-excerpt\"><p>Descripci\u00f3n generalCaracter\u00edsticasEspecificaci\u00f3nPiezas opcionalesObtener una cotizaci\u00f3nCaracter\u00edsticas \u00bfQu\u00e9 puede reparar una m\u00e1quina de reparaci\u00f3n l\u00e1ser LCD? 1. L\u00edneas de color defectuosas (l\u00edneas horizontales y l\u00edneas verticales), puntos blancos, l\u00edneas brillantes, media l\u00ednea, l\u00edneas m\u00faltiples, l\u00edneas punteadas, etc., causadas por cortocircuitos o impurezas. 2, admite pantalla TFT-LCD, IPS, LTPS, OLED, etc. 3, admite LG, SAMSUNG, Toshiba, Sony, CHANGHONG, TCL, Haier, Skyworth, Hisense, Konka y otros...<\/p>\n<\/div>\n\t<a class=\"post-details details-type-link\" href=\"https:\/\/dezsmartech.com\/es\/products\/laser-machine\/\" target=\"\">Leer m\u00e1s<i class=\"dt-icon-the7-arrow-03\" aria-hidden=\"true\"><\/i><\/a>\n<\/div><\/article><\/div><\/div><!-- iso-container|iso-grid --><\/div><\/div><\/div><\/div><\/div>\n<\/div>","protected":false},"excerpt":{"rendered":"<p>M\u00e1quina de reparaci\u00f3n l\u00e1ser de TV<\/p>","protected":false},"author":2,"featured_media":0,"parent":9,"menu_order":0,"comment_status":"closed","ping_status":"closed","template":"","meta":{"footnotes":""},"categories":[],"tags":[],"class_list":["post-45525","page","type-page","status-publish","hentry","description-off"],"_links":{"self":[{"href":"https:\/\/dezsmartech.com\/es\/wp-json\/wp\/v2\/pages\/45525","targetHints":{"allow":["GET"]}}],"collection":[{"href":"https:\/\/dezsmartech.com\/es\/wp-json\/wp\/v2\/pages"}],"about":[{"href":"https:\/\/dezsmartech.com\/es\/wp-json\/wp\/v2\/types\/page"}],"author":[{"embeddable":true,"href":"https:\/\/dezsmartech.com\/es\/wp-json\/wp\/v2\/users\/2"}],"replies":[{"embeddable":true,"href":"https:\/\/dezsmartech.com\/es\/wp-json\/wp\/v2\/comments?post=45525"}],"version-history":[{"count":4,"href":"https:\/\/dezsmartech.com\/es\/wp-json\/wp\/v2\/pages\/45525\/revisions"}],"predecessor-version":[{"id":50956,"href":"https:\/\/dezsmartech.com\/es\/wp-json\/wp\/v2\/pages\/45525\/revisions\/50956"}],"up":[{"embeddable":true,"href":"https:\/\/dezsmartech.com\/es\/wp-json\/wp\/v2\/pages\/9"}],"wp:attachment":[{"href":"https:\/\/dezsmartech.com\/es\/wp-json\/wp\/v2\/media?parent=45525"}],"wp:term":[{"taxonomy":"category","embeddable":true,"href":"https:\/\/dezsmartech.com\/es\/wp-json\/wp\/v2\/categories?post=45525"},{"taxonomy":"post_tag","embeddable":true,"href":"https:\/\/dezsmartech.com\/es\/wp-json\/wp\/v2\/tags?post=45525"}],"curies":[{"name":"wp","href":"https:\/\/api.w.org\/{rel}","templated":true}]}}