{"id":50844,"date":"2024-07-08T03:25:07","date_gmt":"2024-07-08T03:25:07","guid":{"rendered":"https:\/\/dezsmartech.com\/?page_id=50844"},"modified":"2024-12-10T09:24:21","modified_gmt":"2024-12-10T09:24:21","slug":"smt-nozzle-cleaning-machine","status":"publish","type":"page","link":"https:\/\/dezsmartech.com\/de\/product\/smt-nozzle-cleaning-machine\/","title":{"rendered":"SMT-D\u00fcsenreinigungsmaschine"},"content":{"rendered":"<div class=\"wpb-content-wrapper\"><div class=\"vc_row wpb_row vc_row-fluid vc_custom_1549243139614\"><div class=\"wpb_column vc_column_container vc_col-sm-12 vc_col-lg-12 vc_col-md-12\"><div class=\"vc_column-inner vc_custom_1476030031960\"><div class=\"wpb_wrapper\"><div id=\"ultimate-heading-733369e1766c4566b\" class=\"uvc-heading ult-adjust-bottom-margin ultimate-heading-733369e1766c4566b uvc-735\" data-hspacer=\"no_spacer\"  data-halign=\"center\" style=\"text-align:center\"><div class=\"uvc-heading-spacer no_spacer\" style=\"top\"><\/div><div class=\"uvc-main-heading ult-responsive\"  data-ultimate-target='.uvc-heading.ultimate-heading-733369e1766c4566b h2'  data-responsive-json-new='{\"font-size\":\"desktop:34px;mobile_landscape:22px;mobile:22px;\",\"line-height\":\"desktop:46px;mobile_landscape:32px;mobile:32px;\"}' ><h2 style=\"font-family:&#039;Raleway&#039;;font-weight:700;color:#ffffff;margin-bottom:50x;\">SMT-Best\u00fcckungsmaschine mit D\u00fcsenreinigung<\/h2><\/div><\/div><\/div><\/div><\/div><\/div><!-- Row Backgrounds --><div class=\"upb_bg_img\" data-ultimate-bg=\"url(https://dezsmartech.com/de/https:\/\/dezsmartech.com\/wp-content\/uploads\/2019\/02\/product-banner-1900-mini.png)\" data-image-id=\"id^15497|url^https:\/\/dezsmartech.com\/wp-content\/uploads\/2019\/02\/product-banner-1900-mini.png|caption^null|alt^null|title^product-banner-1900-mini|description^null\" data-ultimate-bg-style=\"vcpb-vz-jquery\" data-bg-img-repeat=\"no-repeat\" data-bg-img-size=\"cover\" data-bg-img-position=\"\" data-parallx_sense=\"30\" data-bg-override=\"ex-full\" data-bg_img_attach=\"scroll\" data-upb-overlay-color=\"rgba(0,0,0,0.5)\" data-upb-bg-animation=\"\" data-fadeout=\"\" data-bg-animation=\"left-animation\" data-bg-animation-type=\"h\" data-animation-repeat=\"repeat\" data-fadeout-percentage=\"30\" data-parallax-content=\"\" data-parallax-content-sense=\"30\" data-row-effect-mobile-disable=\"true\" data-img-parallax-mobile-disable=\"true\" data-rtl=\"false\"  data-custom-vc-row=\"\"  data-vc=\"8.7.2\"  data-is_old_vc=\"\"  data-theme-support=\"\"   data-overlay=\"true\" data-overlay-color=\"rgba(0,0,0,0.5)\" data-overlay-pattern=\"\" data-overlay-pattern-opacity=\"0.25\" data-overlay-pattern-size=\"\" data-overlay-pattern-attachment=\"scroll\"    ><\/div><div class=\"vc_row wpb_row vc_row-fluid vc_custom_1733822418117\"><div class=\"wpb_column vc_column_container vc_col-sm-12\"><div class=\"vc_column-inner\"><div class=\"wpb_wrapper\">\n\t<div class=\"wpb_text_column wpb_content_element\" >\n\t\t<div class=\"wpb_wrapper\">\n\t\t\t<p>SMT-Best\u00fcckungsd\u00fcsen-Reinigungsmaschinen verbessern die Best\u00fcckungsgenauigkeit, verhindern die Fehlplatzierung von Bauteilen, reduzieren Ausfallzeiten und verl\u00e4ngern die Lebensdauer der D\u00fcsen, indem sie sicherstellen, dass die D\u00fcsen sauber und frei von Ablagerungen sind.<\/p>\n\n\t\t<\/div>\n\t<\/div>\n<\/div><\/div><\/div><\/div><div class=\"vc_row wpb_row vc_row-fluid vc_custom_1733822407452 vc_row-o-equal-height vc_row-flex\"><div class=\"wpb_column vc_column_container vc_col-sm-6\"><div class=\"vc_column-inner\"><div class=\"wpb_wrapper\"><style type=\"text\/css\" data-type=\"the7_shortcodes-inline-css\">.shortcode-single-image-wrap.shortcode-single-image-53a0177aadbc4c8120036c7fcc4abdf9.enable-bg-rollover .rollover i,\n.shortcode-single-image-wrap.shortcode-single-image-53a0177aadbc4c8120036c7fcc4abdf9.enable-bg-rollover .rollover-video i {\n  background: -webkit-linear-gradient();\n  background: linear-gradient();\n}\n.shortcode-single-image-wrap.shortcode-single-image-53a0177aadbc4c8120036c7fcc4abdf9 .rollover-icon {\n  font-size: 32px;\n  color: #ffffff;\n  min-width: 44px;\n  min-height: 44px;\n  line-height: 44px;\n  border-radius: 100px;\n  border-style: solid;\n  border-width: 0px;\n}\n.dt-icon-bg-on.shortcode-single-image-wrap.shortcode-single-image-53a0177aadbc4c8120036c7fcc4abdf9 .rollover-icon {\n  background: rgba(255,255,255,0.3);\n  box-shadow: none;\n}<\/style><div class=\"shortcode-single-image-wrap shortcode-single-image-53a0177aadbc4c8120036c7fcc4abdf9 alignnone  enable-bg-rollover dt-icon-bg-off\" style=\"margin-top:0px; margin-bottom:0px; margin-left:0px; margin-right:0px; width:600px;\" data-pretty-share=\"facebook,twitter,linkedin,pinterest,whatsapp\"><div class=\"shortcode-single-image\"><div class=\"fancy-media-wrap\" style=\"\"><a href=\"https:\/\/dezsmartech.com\/de\/products\/c700-nozzle-cleaning-machine\/\" class=\"layzr-bg rollover\" style=\"\" aria-label=\"Bild\"><img fetchpriority=\"high\" decoding=\"async\" class=\"preload-me lazy-load aspect\" src=\"data:image\/svg+xml,%3Csvg%20xmlns%3D&#39;http%3A%2F%2Fwww.w3.org%2F2000%2Fsvg&#39;%20viewBox%3D&#39;0%200%20600%20600&#39;%2F%3E\" data-src=\"https:\/\/dezsmartech.com\/wp-content\/uploads\/2024\/04\/dez-5-600x600.jpg\" data-srcset=\"https:\/\/dezsmartech.com\/wp-content\/uploads\/2024\/04\/dez-5-600x600.jpg 600w, https:\/\/dezsmartech.com\/wp-content\/uploads\/2024\/04\/dez-5-1200x1200.jpg 1200w\" loading=\"eager\" style=\"--ratio: 600 \/ 600\" sizes=\"(max-width: 600px) 100vw, 600px\" width=\"600\" height=\"600\"  data-dt-location=\"https:\/\/dezsmartech.com\/de\/products\/c700-nozzle-cleaning-machine\/dez-7\/\" alt=\"\" \/><\/a><\/div><\/div><\/div>\n\t<div class=\"wpb_text_column wpb_content_element\" >\n\t\t<div class=\"wpb_wrapper\">\n\t\t\t<h3 class=\"entry-title\" style=\"text-align: center;\"><a title=\"DEZ-C700 D\u00fcsenreinigungsmaschine\" href=\"https:\/\/dezsmartech.com\/de\/products\/c700-nozzle-cleaning-machine\/\" target=\"\" rel=\"bookmark noopener\">DEZ-C700 D\u00fcsenreinigungsmaschine<\/a><\/h3>\n\n\t\t<\/div>\n\t<\/div>\n<\/div><\/div><\/div><div class=\"wpb_column vc_column_container vc_col-sm-6\"><div class=\"vc_column-inner\"><div class=\"wpb_wrapper\"><style type=\"text\/css\" data-type=\"the7_shortcodes-inline-css\">.shortcode-single-image-wrap.shortcode-single-image-0f90ec9858b8ff5ba5f646c4da4697ac.enable-bg-rollover .rollover i,\n.shortcode-single-image-wrap.shortcode-single-image-0f90ec9858b8ff5ba5f646c4da4697ac.enable-bg-rollover .rollover-video i {\n  background: -webkit-linear-gradient();\n  background: linear-gradient();\n}\n.shortcode-single-image-wrap.shortcode-single-image-0f90ec9858b8ff5ba5f646c4da4697ac .rollover-icon {\n  font-size: 32px;\n  color: #ffffff;\n  min-width: 44px;\n  min-height: 44px;\n  line-height: 44px;\n  border-radius: 100px;\n  border-style: solid;\n  border-width: 0px;\n}\n.dt-icon-bg-on.shortcode-single-image-wrap.shortcode-single-image-0f90ec9858b8ff5ba5f646c4da4697ac .rollover-icon {\n  background: rgba(255,255,255,0.3);\n  box-shadow: none;\n}<\/style><div class=\"shortcode-single-image-wrap shortcode-single-image-0f90ec9858b8ff5ba5f646c4da4697ac alignnone  enable-bg-rollover dt-icon-bg-off\" style=\"margin-top:0px; margin-bottom:0px; margin-left:0px; margin-right:0px; width:600px;\" data-pretty-share=\"facebook,twitter,linkedin,pinterest,whatsapp\"><div class=\"shortcode-single-image\"><div class=\"fancy-media-wrap\" style=\"\"><a href=\"https:\/\/dezsmartech.com\/de\/products\/c716-nozzle-cleaning-machine\/\" class=\"layzr-bg rollover\" style=\"\" aria-label=\"Bild\"><img decoding=\"async\" class=\"preload-me lazy-load aspect\" src=\"data:image\/svg+xml,%3Csvg%20xmlns%3D&#39;http%3A%2F%2Fwww.w3.org%2F2000%2Fsvg&#39;%20viewBox%3D&#39;0%200%20600%20600&#39;%2F%3E\" data-src=\"https:\/\/dezsmartech.com\/wp-content\/uploads\/2024\/04\/dez-4-600x600.jpg\" data-srcset=\"https:\/\/dezsmartech.com\/wp-content\/uploads\/2024\/04\/dez-4-600x600.jpg 600w, https:\/\/dezsmartech.com\/wp-content\/uploads\/2024\/04\/dez-4-1200x1200.jpg 1200w\" loading=\"eager\" style=\"--ratio: 600 \/ 600\" sizes=\"(max-width: 600px) 100vw, 600px\" width=\"600\" height=\"600\"  data-dt-location=\"https:\/\/dezsmartech.com\/de\/products\/c716-nozzle-cleaning-machine\/dez-6\/\" alt=\"\" \/><\/a><\/div><\/div><\/div>\n\t<div class=\"wpb_text_column wpb_content_element\" >\n\t\t<div class=\"wpb_wrapper\">\n\t\t\t<h3 class=\"entry-title\" style=\"text-align: center;\"><a title=\"DEZ-C716 D\u00fcsenreinigungsmaschine\" href=\"https:\/\/dezsmartech.com\/de\/products\/c716-nozzle-cleaning-machine\/\" target=\"\" rel=\"bookmark noopener\">DEZ-C716 D\u00fcsenreinigungsmaschine<\/a><\/h3>\n<div id=\"gtx-trans\" style=\"position: absolute; left: 575px; top: 106.75px;\">\n<div class=\"gtx-trans-icon\"><\/div>\n<\/div>\n\n\t\t<\/div>\n\t<\/div>\n<\/div><\/div><\/div><\/div><div class=\"vc_row wpb_row vc_row-fluid vc_custom_1733822429294\"><div class=\"wpb_column vc_column_container vc_col-sm-12\"><div class=\"vc_column-inner\"><div class=\"wpb_wrapper\">\n\t<div class=\"wpb_text_column wpb_content_element\" >\n\t\t<div class=\"wpb_wrapper\">\n\t\t\t<div class=\"wpforms-container wpforms-container-full\" id=\"wpforms-46423\"><form id=\"wpforms-form-46423\" class=\"wpforms-validate wpforms-form wpforms-ajax-form\" data-formid=\"46423\" method=\"post\" enctype=\"multipart\/form-data\" action=\"\/de\/wp-json\/wp\/v2\/pages\/50844\" data-token=\"134ddc4406c7d6d18889ea8462cf22c6\" data-token-time=\"1776383596\" data-trp-original-action=\"\/de\/wp-json\/wp\/v2\/pages\/50844\"><noscript class=\"wpforms-error-noscript\">Please enable JavaScript in your browser to complete this form.<\/noscript><div class=\"wpforms-field-container\"><div id=\"wpforms-46423-field_0-container\" class=\"wpforms-field wpforms-field-name\" data-field-id=\"0\"><label class=\"wpforms-field-label wpforms-label-hide\" for=\"wpforms-46423-field_0\">Name <span class=\"wpforms-required-label\">*<\/span><\/label><input type=\"text\" id=\"wpforms-46423-field_0\" class=\"wpforms-field-large wpforms-field-required\" name=\"wpforms[fields][0]\" placeholder=\"Name\" required><\/div>\t\t<div id=\"wpforms-46423-field_4-container\"\n\t\t\tclass=\"wpforms-field wpforms-field-text\"\n\t\t\tdata-field-type=\"text\"\n\t\t\tdata-field-id=\"4\"\n\t\t\t>\n\t\t\t<label class=\"wpforms-field-label\" for=\"wpforms-46423-field_4\" >Message Email Name<\/label>\n\t\t\t<input type=\"text\" id=\"wpforms-46423-field_4\" class=\"wpforms-field-medium\" name=\"wpforms[fields][4]\" >\n\t\t<\/div>\n\t\t<div id=\"wpforms-46423-field_1-container\" class=\"wpforms-field wpforms-field-email\" data-field-id=\"1\"><label class=\"wpforms-field-label wpforms-label-hide\" for=\"wpforms-46423-field_1\">Email <span class=\"wpforms-required-label\">*<\/span><\/label><input type=\"email\" id=\"wpforms-46423-field_1\" class=\"wpforms-field-large wpforms-field-required\" name=\"wpforms[fields][1]\" placeholder=\"Email\" spellcheck=\"false\" required><\/div><div id=\"wpforms-46423-field_3-container\" class=\"wpforms-field wpforms-field-number\" data-field-id=\"3\"><label class=\"wpforms-field-label wpforms-label-hide\" for=\"wpforms-46423-field_3\">Whatsapp<\/label><input type=\"number\" id=\"wpforms-46423-field_3\" class=\"wpforms-field-large\" name=\"wpforms[fields][3]\" placeholder=\"Whatsapp\" step=\"any\" ><\/div><div id=\"wpforms-46423-field_2-container\" class=\"wpforms-field wpforms-field-textarea\" data-field-id=\"2\"><label class=\"wpforms-field-label wpforms-label-hide\" for=\"wpforms-46423-field_2\">Kommentar oder Nachricht <span class=\"wpforms-required-label\">*<\/span><\/label><textarea id=\"wpforms-46423-field_2\" class=\"wpforms-field-large wpforms-field-required\" name=\"wpforms[fields][2]\" placeholder=\"Nachricht\" required><\/textarea><\/div><script>\n\t\t\t\t( function() {\n\t\t\t\t\tconst style = document.createElement( 'style' );\n\t\t\t\t\tstyle.appendChild( document.createTextNode( '#wpforms-46423-field_4-container { position: absolute !important; overflow: hidden !important; display: inline !important; height: 1px !important; width: 1px !important; z-index: -1000 !important; padding: 0 !important; } #wpforms-46423-field_4-container input { visibility: hidden; } #wpforms-conversational-form-page #wpforms-46423-field_4-container label { counter-increment: none; }' ) );\n\t\t\t\t\tdocument.head.appendChild( style );\n\t\t\t\t\tdocument.currentScript?.remove();\n\t\t\t\t} )();\n\t\t\t<\/script><\/div><!-- .wpforms-field-container --><div class=\"wpforms-submit-container\" ><input type=\"hidden\" name=\"wpforms[id]\" value=\"46423\"><input type=\"hidden\" name=\"page_title\" value=\"\"><input type=\"hidden\" name=\"page_url\" value=\"https:\/\/dezsmartech.com\/de\/wp-json\/wp\/v2\/pages\/50844\"><input type=\"hidden\" name=\"url_referer\" value=\"\"><button type=\"submit\" name=\"wpforms[submit]\" id=\"wpforms-submit-46423\" class=\"wpforms-submit\" data-alt-text=\"Sending...\" data-submit-text=\"Submit\" aria-live=\"assertive\" value=\"wpforms-submit\">Einreichen<\/button><img loading=\"lazy\" decoding=\"async\" src=\"https:\/\/dezsmartech.com\/wp-content\/plugins\/wpforms\/assets\/images\/submit-spin.svg\" class=\"wpforms-submit-spinner\" style=\"display: none;\" width=\"26\" height=\"26\" alt=\"Loading\"><\/div><input type=\"hidden\" name=\"trp-form-language\" value=\"de\"\/><\/form><\/div>  <!-- .wpforms-container -->\n\n\t\t<\/div>\n\t<\/div>\n<\/div><\/div><\/div><\/div><div class=\"vc_row wpb_row vc_row-fluid vc_custom_1733822468078 vc_row-o-equal-height vc_row-flex\"><div class=\"wpb_column vc_column_container vc_col-sm-12\"><div class=\"vc_column-inner\"><div class=\"wpb_wrapper\">\n\t<div class=\"wpb_text_column wpb_content_element\" >\n\t\t<div class=\"wpb_wrapper\">\n\t\t\t<p>In Montagelinien f\u00fcr die Oberfl\u00e4chenmontage (SMT) sind Best\u00fcckungsautomaten auf winzige D\u00fcsen angewiesen, um die Bauteile pr\u00e4zise zu platzieren. A <strong>D\u00fcsenreinigungsmaschine<\/strong> ist ein unverzichtbares Werkzeug f\u00fcr die Wartung dieser D\u00fcsen. Dieses spezielle Ger\u00e4t entfernt L\u00f6tpastenreste, Staub und andere Verunreinigungen, die sich mit der Zeit ansammeln k\u00f6nnen. Wenn Sie die D\u00fcsen sauber halten, gew\u00e4hrleisten Sie eine pr\u00e4zise Bauteilplatzierung, minimieren Ausfallzeiten aufgrund von D\u00fcsenst\u00f6rungen und verl\u00e4ngern die Gesamtlebensdauer Ihres Best\u00fcckungsautomaten.<\/p>\n\n\t\t<\/div>\n\t<\/div>\n<\/div><\/div><\/div><\/div>\n<\/div>","protected":false},"excerpt":{"rendered":"<p>SMT Pick and Place Nozzle Cleaning Machine SMT pick and place nozzle cleaning machines improve assembly accuracy, prevent component misplacement, reduce downtime, and extend nozzle life by ensuring nozzles are clean and free from debris. DEZ-C700 Nozzle Cleaning Machine DEZ-C716 Nozzle Cleaning Machine Please enable JavaScript in your browser to complete this form.Name *Email *Whatsapp&hellip;<\/p>","protected":false},"author":4,"featured_media":0,"parent":9,"menu_order":0,"comment_status":"closed","ping_status":"closed","template":"","meta":{"footnotes":""},"categories":[],"tags":[],"class_list":["post-50844","page","type-page","status-publish","hentry","description-off"],"_links":{"self":[{"href":"https:\/\/dezsmartech.com\/de\/wp-json\/wp\/v2\/pages\/50844","targetHints":{"allow":["GET"]}}],"collection":[{"href":"https:\/\/dezsmartech.com\/de\/wp-json\/wp\/v2\/pages"}],"about":[{"href":"https:\/\/dezsmartech.com\/de\/wp-json\/wp\/v2\/types\/page"}],"author":[{"embeddable":true,"href":"https:\/\/dezsmartech.com\/de\/wp-json\/wp\/v2\/users\/4"}],"replies":[{"embeddable":true,"href":"https:\/\/dezsmartech.com\/de\/wp-json\/wp\/v2\/comments?post=50844"}],"version-history":[{"count":4,"href":"https:\/\/dezsmartech.com\/de\/wp-json\/wp\/v2\/pages\/50844\/revisions"}],"predecessor-version":[{"id":50862,"href":"https:\/\/dezsmartech.com\/de\/wp-json\/wp\/v2\/pages\/50844\/revisions\/50862"}],"up":[{"embeddable":true,"href":"https:\/\/dezsmartech.com\/de\/wp-json\/wp\/v2\/pages\/9"}],"wp:attachment":[{"href":"https:\/\/dezsmartech.com\/de\/wp-json\/wp\/v2\/media?parent=50844"}],"wp:term":[{"taxonomy":"category","embeddable":true,"href":"https:\/\/dezsmartech.com\/de\/wp-json\/wp\/v2\/categories?post=50844"},{"taxonomy":"post_tag","embeddable":true,"href":"https:\/\/dezsmartech.com\/de\/wp-json\/wp\/v2\/tags?post=50844"}],"curies":[{"name":"wp","href":"https:\/\/api.w.org\/{rel}","templated":true}]}}